{"id":5816,"date":"2023-02-15T11:34:03","date_gmt":"2023-02-15T14:34:03","guid":{"rendered":"https:\/\/www.datasur.com\/visao-e-missao\/"},"modified":"2023-05-09T12:59:30","modified_gmt":"2023-05-09T15:59:30","slug":"visao-e-missao","status":"publish","type":"page","link":"https:\/\/www.datasur.com\/pt-pt\/visao-e-missao\/","title":{"rendered":"Vis\u00e3o e Miss\u00e3o"},"content":{"rendered":"\t\t<div data-elementor-type=\"wp-page\" data-elementor-id=\"5816\" class=\"elementor elementor-5816 elementor-270\" data-elementor-post-type=\"page\">\n\t\t\t\t\t\t<section class=\"elementor-section elementor-top-section elementor-element elementor-element-49c7b15 elementor-section-boxed elementor-section-height-default elementor-section-height-default\" data-id=\"49c7b15\" data-element_type=\"section\" data-settings=\"{&quot;background_background&quot;:&quot;classic&quot;,&quot;jet_parallax_layout_list&quot;:[]}\">\n\t\t\t\t\t\t<div class=\"elementor-container elementor-column-gap-default\">\n\t\t\t\t\t<div class=\"elementor-column elementor-col-100 elementor-top-column elementor-element elementor-element-e78a195\" data-id=\"e78a195\" data-element_type=\"column\">\n\t\t\t<div class=\"elementor-widget-wrap elementor-element-populated\">\n\t\t\t\t\t\t<div class=\"elementor-element elementor-element-453b3a7 elementor-widget elementor-widget-heading\" data-id=\"453b3a7\" data-element_type=\"widget\" data-widget_type=\"heading.default\">\n\t\t\t\t\t<h2 class=\"elementor-heading-title elementor-size-default\">Vis\u00e3o e Miss\u00e3o<\/h2>\t\t\t\t<\/div>\n\t\t\t\t<div class=\"elementor-element elementor-element-508a96b elementor-widget elementor-widget-heading\" data-id=\"508a96b\" data-element_type=\"widget\" data-widget_type=\"heading.default\">\n\t\t\t\t\t<h5 class=\"elementor-heading-title elementor-size-default\">Datasur \u00e9 uma ferramenta importante de informa\u00e7\u00e3o do comercio exterior, para a cria\u00e7\u00e3o de intelig\u00eancia y para confrontar de boa maneira os novos ambientes competitivos no cen\u00e1rio global.\n\n<\/h5>\t\t\t\t<\/div>\n\t\t\t\t\t<\/div>\n\t\t<\/div>\n\t\t\t\t\t<\/div>\n\t\t<\/section>\n\t\t\t\t<section class=\"elementor-section elementor-top-section elementor-element elementor-element-b7d8726 elementor-section-boxed elementor-section-height-default elementor-section-height-default\" data-id=\"b7d8726\" data-element_type=\"section\" data-settings=\"{&quot;jet_parallax_layout_list&quot;:[]}\">\n\t\t\t\t\t\t<div class=\"elementor-container elementor-column-gap-wider\">\n\t\t\t\t\t<div class=\"elementor-column elementor-col-50 elementor-top-column elementor-element elementor-element-73b5109\" data-id=\"73b5109\" data-element_type=\"column\">\n\t\t\t<div class=\"elementor-widget-wrap elementor-element-populated\">\n\t\t\t\t\t\t<div class=\"elementor-element elementor-element-7664dc8 elementor-widget elementor-widget-image\" data-id=\"7664dc8\" data-element_type=\"widget\" data-widget_type=\"image.default\">\n\t\t\t\t\t\t\t\t\t\t\t\t\t\t\t<img fetchpriority=\"high\" decoding=\"async\" width=\"1280\" height=\"720\" src=\"https:\/\/www.datasur.com\/wp-content\/uploads\/2023\/02\/news-img-us01.jpg\" class=\"attachment-full size-full wp-image-5322\" alt=\"\" srcset=\"https:\/\/www.datasur.com\/wp-content\/uploads\/2023\/02\/news-img-us01.jpg 1280w, https:\/\/www.datasur.com\/wp-content\/uploads\/2023\/02\/news-img-us01-300x169.jpg 300w, https:\/\/www.datasur.com\/wp-content\/uploads\/2023\/02\/news-img-us01-1024x576.jpg 1024w, https:\/\/www.datasur.com\/wp-content\/uploads\/2023\/02\/news-img-us01-768x432.jpg 768w\" sizes=\"(max-width: 1280px) 100vw, 1280px\">\t\t\t\t\t\t\t\t\t\t\t\t\t\t\t<\/div>\n\t\t\t\t\t<\/div>\n\t\t<\/div>\n\t\t\t\t<div class=\"elementor-column elementor-col-50 elementor-top-column elementor-element elementor-element-b0a7b6a elementor-invisible\" data-id=\"b0a7b6a\" data-element_type=\"column\" data-settings=\"{&quot;animation&quot;:&quot;fadeIn&quot;}\">\n\t\t\t<div class=\"elementor-widget-wrap elementor-element-populated\">\n\t\t\t\t\t\t<div class=\"elementor-element elementor-element-9748e19 elementor-widget elementor-widget-heading\" data-id=\"9748e19\" data-element_type=\"widget\" data-widget_type=\"heading.default\">\n\t\t\t\t\t<h2 class=\"elementor-heading-title elementor-size-default\">Vis\u00e3o<\/h2>\t\t\t\t<\/div>\n\t\t\t\t<div class=\"elementor-element elementor-element-037838d elementor-widget elementor-widget-text-editor\" data-id=\"037838d\" data-element_type=\"widget\" data-widget_type=\"text-editor.default\">\n\t\t\t\t\t\t\t\t\t<p>Fortificar a toma de decis\u00f5es estrat\u00e9gicas dos nossos clientes, entregando-lhes informa\u00e7\u00e3o e conhecimentos importantes para que compitam com intelig\u00eancia e sucesso nos mercados globais.<\/p>\n\t\t\t\t\t\t\t\t<\/div>\n\t\t\t\t\t<\/div>\n\t\t<\/div>\n\t\t\t\t\t<\/div>\n\t\t<\/section>\n\t\t\t\t<section class=\"elementor-section elementor-top-section elementor-element elementor-element-d06515d elementor-section-boxed elementor-section-height-default elementor-section-height-default\" data-id=\"d06515d\" data-element_type=\"section\" data-settings=\"{&quot;jet_parallax_layout_list&quot;:[],&quot;background_background&quot;:&quot;classic&quot;}\">\n\t\t\t\t\t\t<div class=\"elementor-container elementor-column-gap-wider\">\n\t\t\t\t\t<div class=\"elementor-column elementor-col-50 elementor-top-column elementor-element elementor-element-a7359f6 elementor-invisible\" data-id=\"a7359f6\" data-element_type=\"column\" data-settings=\"{&quot;animation&quot;:&quot;fadeIn&quot;}\">\n\t\t\t<div class=\"elementor-widget-wrap elementor-element-populated\">\n\t\t\t\t\t\t<div class=\"elementor-element elementor-element-0ccca58 elementor-widget elementor-widget-heading\" data-id=\"0ccca58\" data-element_type=\"widget\" data-widget_type=\"heading.default\">\n\t\t\t\t\t<h2 class=\"elementor-heading-title elementor-size-default\"> Miss\u00e3o<\/h2>\t\t\t\t<\/div>\n\t\t\t\t<div class=\"elementor-element elementor-element-4bae4bf elementor-widget elementor-widget-text-editor\" data-id=\"4bae4bf\" data-element_type=\"widget\" data-widget_type=\"text-editor.default\">\n\t\t\t\t\t\t\t\t\t<p>Disponibilizar para nossos clientes informa\u00e7\u00e3o detalhada, fi\u00e1vel e atualizada com o fim de analisar o mercado global, ajudando-lhes a encontrar melhores oportunidades para seu crescimento.<\/p>\n<p>Dar uma experi\u00eancia inovadora para nossos usu\u00e1rios que possibilite a otimiza\u00e7\u00e3o do uso dos dados e a informa\u00e7\u00e3o que lhes entregamos, oferecendo conhecimentos t\u00e9cnicos e de contextualiza\u00e7\u00e3o no que ocorre nos diferentes mercados, al\u00e9m de potenciar com isso a intelig\u00eancia dos seus neg\u00f3cios. Tudo isto \u00e9 feito por meio de um trabalho colaborativo, suportado por uma importante Rede de Associa\u00e7\u00f5es, companhias e institui\u00e7\u00f5es multilaterais e governamentais.<\/p>\n\t\t\t\t\t\t\t\t<\/div>\n\t\t\t\t\t<\/div>\n\t\t<\/div>\n\t\t\t\t<div class=\"elementor-column elementor-col-50 elementor-top-column elementor-element elementor-element-5ae48b8\" data-id=\"5ae48b8\" data-element_type=\"column\">\n\t\t\t<div class=\"elementor-widget-wrap elementor-element-populated\">\n\t\t\t\t\t\t<div class=\"elementor-element elementor-element-ab82e83 elementor-widget elementor-widget-image\" data-id=\"ab82e83\" data-element_type=\"widget\" data-widget_type=\"image.default\">\n\t\t\t\t\t\t\t\t\t\t\t\t\t\t\t<img decoding=\"async\" width=\"1280\" height=\"720\" src=\"https:\/\/www.datasur.com\/wp-content\/uploads\/2023\/02\/news-img-us02.jpg\" class=\"attachment-full size-full wp-image-5323\" alt=\"\" srcset=\"https:\/\/www.datasur.com\/wp-content\/uploads\/2023\/02\/news-img-us02.jpg 1280w, https:\/\/www.datasur.com\/wp-content\/uploads\/2023\/02\/news-img-us02-300x169.jpg 300w, https:\/\/www.datasur.com\/wp-content\/uploads\/2023\/02\/news-img-us02-1024x576.jpg 1024w, https:\/\/www.datasur.com\/wp-content\/uploads\/2023\/02\/news-img-us02-768x432.jpg 768w\" sizes=\"(max-width: 1280px) 100vw, 1280px\">\t\t\t\t\t\t\t\t\t\t\t\t\t\t\t<\/div>\n\t\t\t\t\t<\/div>\n\t\t<\/div>\n\t\t\t\t\t<\/div>\n\t\t<\/section>\n\t\t\t\t<section class=\"elementor-section elementor-top-section elementor-element elementor-element-1b40f5c elementor-section-boxed elementor-section-height-default elementor-section-height-default\" data-id=\"1b40f5c\" data-element_type=\"section\" data-settings=\"{&quot;jet_parallax_layout_list&quot;:[],&quot;background_background&quot;:&quot;classic&quot;}\">\n\t\t\t\t\t\t<div class=\"elementor-container elementor-column-gap-wider\">\n\t\t\t\t\t<div class=\"elementor-column elementor-col-50 elementor-top-column elementor-element elementor-element-6c354f7\" data-id=\"6c354f7\" data-element_type=\"column\">\n\t\t\t<div class=\"elementor-widget-wrap elementor-element-populated\">\n\t\t\t\t\t\t<div class=\"elementor-element elementor-element-a24c0e5 elementor-widget elementor-widget-image\" data-id=\"a24c0e5\" data-element_type=\"widget\" data-widget_type=\"image.default\">\n\t\t\t\t\t\t\t\t\t\t\t\t\t\t\t<img decoding=\"async\" width=\"1280\" height=\"720\" src=\"https:\/\/www.datasur.com\/wp-content\/uploads\/2023\/02\/FILCE.jpg\" class=\"attachment-full size-full wp-image-5289\" alt=\"\" srcset=\"https:\/\/www.datasur.com\/wp-content\/uploads\/2023\/02\/FILCE.jpg 1280w, https:\/\/www.datasur.com\/wp-content\/uploads\/2023\/02\/FILCE-300x169.jpg 300w, https:\/\/www.datasur.com\/wp-content\/uploads\/2023\/02\/FILCE-1024x576.jpg 1024w, https:\/\/www.datasur.com\/wp-content\/uploads\/2023\/02\/FILCE-768x432.jpg 768w\" sizes=\"(max-width: 1280px) 100vw, 1280px\">\t\t\t\t\t\t\t\t\t\t\t\t\t\t\t<\/div>\n\t\t\t\t\t<\/div>\n\t\t<\/div>\n\t\t\t\t<div class=\"elementor-column elementor-col-50 elementor-top-column elementor-element elementor-element-9b71947 elementor-invisible\" data-id=\"9b71947\" data-element_type=\"column\" data-settings=\"{&quot;animation&quot;:&quot;fadeIn&quot;}\">\n\t\t\t<div class=\"elementor-widget-wrap elementor-element-populated\">\n\t\t\t\t\t\t<div class=\"elementor-element elementor-element-844a8e6 elementor-widget elementor-widget-text-editor\" data-id=\"844a8e6\" data-element_type=\"widget\" data-widget_type=\"text-editor.default\">\n\t\t\t\t\t\t\t\t\t<p>Desenvolver, para quem tem de tomar decis\u00f5es e suas equipes de trabalho, plataformas e ferramentas de alta tecnologia e inova\u00e7\u00e3o, que possibilitem a cria\u00e7\u00e3o de intelig\u00eancia comercial, por meio de uma experi\u00eancia de usu\u00e1rio o mais personalizada poss\u00edvel, simples, eficiente e interativo, para obter resultados importantes em menos tempo.<\/p>\n<p>Procuramos gerar la\u00e7os e relacionamentos s\u00f3lidos com cada um dos nossos usu\u00e1rios, por meio de uma equipe humana pr\u00f3ximo e de excel\u00eancia, comprometido em todo momento com o sucesso dos nossos clientes e atento de que nosso servi\u00e7o \u00e9 importante para a realiza\u00e7\u00e3o dos objetivos.<\/p>\n\t\t\t\t\t\t\t\t<\/div>\n\t\t\t\t\t<\/div>\n\t\t<\/div>\n\t\t\t\t\t<\/div>\n\t\t<\/section>\n\t\t\t\t<\/div>\n\t\t","protected":false},"excerpt":{"rendered":"<p>Datasur \u00e9 uma ferramenta importante de informa\u00e7\u00e3o do comercio exterior, para a cria\u00e7\u00e3o de intelig\u00eancia y para confrontar de boa maneira os novos ambientes competitivos no cen\u00e1rio global. Vis\u00e3o Fortificar a toma de decis\u00f5es estrat\u00e9gicas dos nossos clientes, entregando-lhes informa\u00e7\u00e3o e conhecimentos importantes para que compitam com intelig\u00eancia e sucesso nos mercados globais. Miss\u00e3o Disponibilizar [&hellip;]<\/p>\n","protected":false},"author":3,"featured_media":0,"parent":0,"menu_order":0,"comment_status":"closed","ping_status":"closed","template":"","meta":{"footnotes":""},"class_list":["post-5816","page","type-page","status-publish","hentry"],"_links":{"self":[{"href":"https:\/\/www.datasur.com\/pt-pt\/wp-json\/wp\/v2\/pages\/5816","targetHints":{"allow":["GET"]}}],"collection":[{"href":"https:\/\/www.datasur.com\/pt-pt\/wp-json\/wp\/v2\/pages"}],"about":[{"href":"https:\/\/www.datasur.com\/pt-pt\/wp-json\/wp\/v2\/types\/page"}],"author":[{"embeddable":true,"href":"https:\/\/www.datasur.com\/pt-pt\/wp-json\/wp\/v2\/users\/3"}],"replies":[{"embeddable":true,"href":"https:\/\/www.datasur.com\/pt-pt\/wp-json\/wp\/v2\/comments?post=5816"}],"version-history":[{"count":1,"href":"https:\/\/www.datasur.com\/pt-pt\/wp-json\/wp\/v2\/pages\/5816\/revisions"}],"predecessor-version":[{"id":5817,"href":"https:\/\/www.datasur.com\/pt-pt\/wp-json\/wp\/v2\/pages\/5816\/revisions\/5817"}],"wp:attachment":[{"href":"https:\/\/www.datasur.com\/pt-pt\/wp-json\/wp\/v2\/media?parent=5816"}],"curies":[{"name":"wp","href":"https:\/\/api.w.org\/{rel}","templated":true}]}}